{"id":4236,"date":"2023-02-09T15:16:40","date_gmt":"2023-02-09T20:16:40","guid":{"rendered":"https:\/\/stage.museedeshospitalieres.qc.ca\/?page_id=4236"},"modified":"2023-03-08T21:56:59","modified_gmt":"2023-03-09T02:56:59","slug":"become-a-volunteer","status":"publish","type":"page","link":"https:\/\/stage.museedeshospitalieres.qc.ca\/en\/become-a-volunteer\/","title":{"rendered":"Become a Volunteer"},"content":{"rendered":"<section class=\"wpb-content-wrapper\"><p>[vc_row content_placement=&#8221;middle&#8221; row_content_width=&#8221;grid&#8221; content_text_aligment=&#8221;center&#8221; css=&#8221;.vc_custom_1572272203446{padding-top: 147px !important;padding-bottom: 51px !important;}&#8221;][vc_column]<div class=\"eltdf-section-title-holder   eltdf-st-decorative-line\" >\n\t<div class=\"eltdf-st-inner\">\n                    <span class=\"eltdf-st-caption\" style=\"color: #c9ab81;margin: 0 0 6px 0\">\n                <span class=\"eltdf-st-caption-inner\" >Help us sustain our mission<\/span>\n            <\/span>\n        \t\t\t\t\t<h2 class=\"eltdf-st-title\" >\n    <span class=\"eltdf-st-title-inner\"><span class=\"eltdf-st-side-line-left\" ><\/span>Become a Volunteer<span class=\"eltdf-st-side-line-right\" ><\/span><\/span>\n\t\t\t<\/h2>\n\t\t\t\t\t\t\t<p class=\"eltdf-st-text\" style=\"font-size: 19px;line-height: 28px;margin: 13px 0 0 0\">\n\t\t\t\tVolunteers are at the heart of the action at the Mus\u00e9e des Hospitali\u00e8res de l\u2019H\u00f4tel-Dieu de Montr\u00e9al\t\t\t<\/p>\n\t\t\t\t\t<\/div>\n<\/div>[\/vc_column][\/vc_row][vc_row content_placement=&#8221;top&#8221; row_content_width=&#8221;grid&#8221; content_text_aligment=&#8221;left&#8221; css=&#8221;.vc_custom_1569829789330{padding-bottom: 160px !important;}&#8221;][vc_column offset=&#8221;vc_col-lg-offset-0 vc_col-lg-12 vc_col-md-offset-0 vc_col-md-12 vc_col-sm-offset-0 vc_col-xs-12&#8243;]<div class=\"eltdf-elements-holder   eltdf-two-columns  eltdf-responsive-mode-1024 eltdf-one-column-alignment-left\" ><div class=\"eltdf-eh-item  eltdf-vertical-alignment-top  \"  data-item-class=\"eltdf-eh-custom-3088\" data-1400-1600=\"0 30px 0 0\" data-1025-1399=\"0 30px 0 0\" data-769-1024=\"0 0 80px 0\" data-681-768=\"0 0 80px 0\" data-680=\"0 0 80px 0\">\n\t<div class=\"eltdf-eh-item-inner\">\n\t\t<div class=\"eltdf-eh-item-content eltdf-eh-custom-3088\" style=\"padding: 0 30px 0 0\">\n\t\t\t<div class=\"eltdf-accordion-holder eltdf-ac-default  eltdf-accordion eltdf-ac-simple  clearfix\">\n\t<h6 class=\"eltdf-accordion-title\">\n    <span class=\"eltdf-accordion-mark\">\n\t\t<span class=\"eltdf_icon_plus icon_plus\"><\/span>\n\t\t<span class=\"eltdf_icon_minus icon_minus-06\"><\/span>\n\t<\/span>\n\t<span class=\"eltdf-tab-title\">Guides<\/span>\n<\/h6>\n<div class=\"eltdf-accordion-content\">\n\t<div class=\"eltdf-accordion-content-inner\">\n\t\t[vc_column_text]Volunteer guides give guided tours, walking tours and pedagogical visits for school groups. They receive training and are occasionally present during special activities and events organized by the Museum (Journ\u00e9e des Mus\u00e9es, Journ\u00e9es de la culture, concerts, etc.).[\/vc_column_text][vc_empty_space height=&#8221;18px&#8221;][vc_column_text]Volunteer guides can be asked to fill in at the front desk as needed and during special events.[\/vc_column_text][vc_empty_space height=&#8221;18px&#8221;]\t<\/div>\n<\/div><h6 class=\"eltdf-accordion-title\">\n    <span class=\"eltdf-accordion-mark\">\n\t\t<span class=\"eltdf_icon_plus icon_plus\"><\/span>\n\t\t<span class=\"eltdf_icon_minus icon_minus-06\"><\/span>\n\t<\/span>\n\t<span class=\"eltdf-tab-title\">Retired Nurses<\/span>\n<\/h6>\n<div class=\"eltdf-accordion-content\">\n\t<div class=\"eltdf-accordion-content-inner\">\n\t\t[vc_column_text]Retired nurses guide visits for nursing students. They receive training but their personal witness adds a human dimension to their visit.[\/vc_column_text][vc_empty_space height=&#8221;18px&#8221;][vc_column_text]Volunteer guides can be asked to fill in at the front desk as needed and during special events.[\/vc_column_text][vc_empty_space height=&#8221;18px&#8221;]\t<\/div>\n<\/div><h6 class=\"eltdf-accordion-title\">\n    <span class=\"eltdf-accordion-mark\">\n\t\t<span class=\"eltdf_icon_plus icon_plus\"><\/span>\n\t\t<span class=\"eltdf_icon_minus icon_minus-06\"><\/span>\n\t<\/span>\n\t<span class=\"eltdf-tab-title\">Contact<\/span>\n<\/h6>\n<div class=\"eltdf-accordion-content\">\n\t<div class=\"eltdf-accordion-content-inner\">\n\t\t[vc_column_text]Volunteer guides are recruited annually.[\/vc_column_text][vc_empty_space height=&#8221;18px&#8221;][vc_column_text]If you are interested, <strong><a href=\"mailto:education@museedeshospitalieres.qc.ca\">contact the education department at any time.<\/a><\/strong>[\/vc_column_text]\t<\/div>\n<\/div><\/div>\t\t<\/div>\n\t<\/div>\n<\/div><\/div>[\/vc_column][\/vc_row]<\/p>\n<\/section>","protected":false},"excerpt":{"rendered":"<p>[vc_row content_placement=&#8221;middle&#8221; row_content_width=&#8221;grid&#8221; content_text_aligment=&#8221;center&#8221; css=&#8221;.vc_custom_1572272203446{padding-top: 147px !important;padding-bottom: 51px !important;}&#8221;][vc_column][\/vc_column][\/vc_row][vc_row content_placement=&#8221;top&#8221; row_content_width=&#8221;grid&#8221; content_text_aligment=&#8221;left&#8221; css=&#8221;.vc_custom_1569829789330{padding-bottom: 160px !important;}&#8221;][vc_column offset=&#8221;vc_col-lg-offset-0 vc_col-lg-12 vc_col-md-offset-0 vc_col-md-12 vc_col-sm-offset-0 vc_col-xs-12&#8243;][\/vc_column][\/vc_row]<\/p>\n","protected":false},"author":2,"featured_media":0,"parent":0,"menu_order":0,"comment_status":"closed","ping_status":"closed","template":"full-width.php","meta":{"footnotes":""},"class_list":["post-4236","page","type-page","status-publish","hentry"],"_links":{"self":[{"href":"https:\/\/stage.museedeshospitalieres.qc.ca\/en\/wp-json\/wp\/v2\/pages\/4236","targetHints":{"allow":["GET"]}}],"collection":[{"href":"https:\/\/stage.museedeshospitalieres.qc.ca\/en\/wp-json\/wp\/v2\/pages"}],"about":[{"href":"https:\/\/stage.museedeshospitalieres.qc.ca\/en\/wp-json\/wp\/v2\/types\/page"}],"author":[{"embeddable":true,"href":"https:\/\/stage.museedeshospitalieres.qc.ca\/en\/wp-json\/wp\/v2\/users\/2"}],"replies":[{"embeddable":true,"href":"https:\/\/stage.museedeshospitalieres.qc.ca\/en\/wp-json\/wp\/v2\/comments?post=4236"}],"version-history":[{"count":2,"href":"https:\/\/stage.museedeshospitalieres.qc.ca\/en\/wp-json\/wp\/v2\/pages\/4236\/revisions"}],"predecessor-version":[{"id":4239,"href":"https:\/\/stage.museedeshospitalieres.qc.ca\/en\/wp-json\/wp\/v2\/pages\/4236\/revisions\/4239"}],"wp:attachment":[{"href":"https:\/\/stage.museedeshospitalieres.qc.ca\/en\/wp-json\/wp\/v2\/media?parent=4236"}],"curies":[{"name":"wp","href":"https:\/\/api.w.org\/{rel}","templated":true}]}}