{"id":4220,"date":"2023-02-08T17:01:25","date_gmt":"2023-02-08T22:01:25","guid":{"rendered":"https:\/\/stage.museedeshospitalieres.qc.ca\/?page_id=4220"},"modified":"2023-03-08T22:13:32","modified_gmt":"2023-03-09T03:13:32","slug":"guided-tours","status":"publish","type":"page","link":"https:\/\/stage.museedeshospitalieres.qc.ca\/en\/guided-tours\/","title":{"rendered":"Guided tours"},"content":{"rendered":"<section class=\"wpb-content-wrapper\"><p>[vc_row content_placement=&#8221;middle&#8221; row_content_width=&#8221;grid&#8221; content_text_aligment=&#8221;center&#8221; css=&#8221;.vc_custom_1611642837788{padding-bottom: 51px !important;}&#8221;][vc_column offset=&#8221;vc_col-lg-offset-0 vc_col-lg-12 vc_col-md-offset-0 vc_col-md-12 vc_col-sm-offset-0 vc_col-xs-12&#8243;]<div class=\"eltdf-section-title-holder   eltdf-st-decorative-line\" >\n\t<div class=\"eltdf-st-inner\">\n                    <span class=\"eltdf-st-caption\" style=\"color: #c9ab81;margin: 0 0 6px 0\">\n                <span class=\"eltdf-st-caption-inner\" >Guided<\/span>\n            <\/span>\n        \t\t\t\t\t<h2 class=\"eltdf-st-title\" >\n    <span class=\"eltdf-st-title-inner\"><span class=\"eltdf-st-side-line-left\" ><\/span>tours<span class=\"eltdf-st-side-line-right\" ><\/span><\/span>\n\t\t\t<\/h2>\n\t\t\t\t\t\t\t<\/div>\n<\/div>[\/vc_column][\/vc_row][vc_row row_content_width=&#8221;grid&#8221; css=&#8221;.vc_custom_1569500187539{padding-bottom: 80px !important;}&#8221;][vc_column]<div class=\"eltdf-show-list-holder eltdf-sl-gallery  eltdf-normal-space eltdf-sl-three-columns eltdf-sl-pag-standard\"  data-type=gallery data-number-of-columns=3 data-space-between-items=normal data-number-of-items=6 data-category=tours data-title-tag=h5 data-image-proportions=full data-enable-fixed-proportions=no data-show-category=yes data-show-date-range=no data-orderby=date data-order=DESC data-show-single-layout=info-bellow data-show-slider=no data-slider-navigation=no data-slider-pagination=no data-pagination-type=standard data-slider-autoplay=no data-max-num-pages=1 data-next-page=2>\n\t<div class=\"eltdf-sl-inner eltdf-outer-space \" data-number-of-items=\"3\" data-enable-navigation=\"no\" data-enable-pagination=\"no\" data-enable-autoplay=\"no\">\n\t\t\n<div class=\"eltdf-show eltdf-item-space  show-item has-post-thumbnail hentry show-category-exhibition info-bellow post-4224 type-show-item status-publish has-post-thumbnail hentry show-category-tours info-bellow\">\n\t<div class=\"eltdf-show-inner\">\n\t\t\t\t\t<div class=\"eltdf-show-image\">\n\t\t\t\t<a itemprop=\"url\" href=\"https:\/\/stage.museedeshospitalieres.qc.ca\/en\/activites\/the-hospitallers-monastery\/\" target=\"_self\">\n\t\t\t\t\t<img loading=\"lazy\" decoding=\"async\" width=\"800\" height=\"800\" src=\"https:\/\/stage.museedeshospitalieres.qc.ca\/wp-content\/uploads\/2021\/11\/Circuits-thematiques-800x800-px.png\" class=\"attachment-full size-full\" alt=\"monast\u00e8re; hospitali\u00e8res; montr\u00e9al; victor bourgeau\" srcset=\"https:\/\/stage.museedeshospitalieres.qc.ca\/wp-content\/uploads\/2021\/11\/Circuits-thematiques-800x800-px.png 800w, https:\/\/stage.museedeshospitalieres.qc.ca\/wp-content\/uploads\/2021\/11\/Circuits-thematiques-800x800-px-300x300.png 300w, https:\/\/stage.museedeshospitalieres.qc.ca\/wp-content\/uploads\/2021\/11\/Circuits-thematiques-800x800-px-150x150.png 150w, https:\/\/stage.museedeshospitalieres.qc.ca\/wp-content\/uploads\/2021\/11\/Circuits-thematiques-800x800-px-768x768.png 768w, https:\/\/stage.museedeshospitalieres.qc.ca\/wp-content\/uploads\/2021\/11\/Circuits-thematiques-800x800-px-650x650.png 650w\" sizes=\"auto, (max-width: 800px) 100vw, 800px\" \/>\t\t\t\t<\/a>\n\t\t\t<\/div>\n\t\t\t\t<div class=\"eltdf-show-info\">\n            <div class=\"eltdf-show-info-wrapper\">\n                                    <div class=\"eltdf-show-categories-holder\">\n                                                    <a itemprop=\"url\" class=\"eltdf-show-categories\" href=\"https:\/\/stage.museedeshospitalieres.qc.ca\/en\/shows-category\/tours\/\">Tours<\/a>\n                                            <\/div>\n                                                <div class=\"eltdf-show-title-holder\">\n                    <h5 itemprop=\"name\" class=\"eltdf-show-name entry-title\">\n                        <a itemprop=\"url\" href=\"https:\/\/stage.museedeshospitalieres.qc.ca\/en\/activites\/the-hospitallers-monastery\/\">The Hospitallers\u2019 Monastery<\/a>\n                    <\/h5>\n                <\/div>\n            <\/div>\n                            <div class=\"eltdf-show-excerpt-holder\">\n                    <span>[vc_row row_content_width=&#8221;grid&#8221;][vc_column width=&#8221;1\/4&#8243;][vc_empty_space height=&#8221;80px&#8221;][\/vc_column][vc_column width=&#8221;1\/4&#8243;][vc_empty_space height=&#8221;80px&#8221;][\/vc_column][vc_column width=&#8221;1\/4&#8243;][vc_empty_space height=&#8221;80px&#8221;][\/vc_column][vc_column width=&#8221;1\/4&#8243;][vc_empty_space height=&#8221;80px&#8221;][\/vc_column][\/vc_row]<\/span>\n                <\/div>\n                        <div class=\"eltdf-event-post-read-more-button\">\n                <a itemprop=\"url\" href=\"https:\/\/stage.museedeshospitalieres.qc.ca\/en\/activites\/the-hospitallers-monastery\/\" target=\"_self\"  class=\"eltdf-btn eltdf-btn-medium eltdf-btn-simple eltdf-blog-list-button\"  >    <span class=\"eltdf-btn-text\">View more<\/span>    <\/a>            <\/div>\n\t\t<\/div>\n\t<\/div>\n<\/div>\n<div class=\"eltdf-show eltdf-item-space  show-item has-post-thumbnail hentry show-category-exhibition info-bellow post-4226 type-show-item status-publish has-post-thumbnail hentry show-category-tours info-bellow\">\n\t<div class=\"eltdf-show-inner\">\n\t\t\t\t\t<div class=\"eltdf-show-image\">\n\t\t\t\t<a itemprop=\"url\" href=\"https:\/\/stage.museedeshospitalieres.qc.ca\/en\/activites\/enter-in-the-hospitallers-crypt\/\" target=\"_self\">\n\t\t\t\t\t<img loading=\"lazy\" decoding=\"async\" width=\"800\" height=\"800\" src=\"https:\/\/stage.museedeshospitalieres.qc.ca\/wp-content\/uploads\/2019\/09\/Musee-des-Hospitalieres-Cicruit-Crypte.png\" class=\"attachment-full size-full\" alt=\"\" srcset=\"https:\/\/stage.museedeshospitalieres.qc.ca\/wp-content\/uploads\/2019\/09\/Musee-des-Hospitalieres-Cicruit-Crypte.png 800w, https:\/\/stage.museedeshospitalieres.qc.ca\/wp-content\/uploads\/2019\/09\/Musee-des-Hospitalieres-Cicruit-Crypte-300x300.png 300w, https:\/\/stage.museedeshospitalieres.qc.ca\/wp-content\/uploads\/2019\/09\/Musee-des-Hospitalieres-Cicruit-Crypte-150x150.png 150w, https:\/\/stage.museedeshospitalieres.qc.ca\/wp-content\/uploads\/2019\/09\/Musee-des-Hospitalieres-Cicruit-Crypte-768x768.png 768w, https:\/\/stage.museedeshospitalieres.qc.ca\/wp-content\/uploads\/2019\/09\/Musee-des-Hospitalieres-Cicruit-Crypte-650x650.png 650w\" sizes=\"auto, (max-width: 800px) 100vw, 800px\" \/>\t\t\t\t<\/a>\n\t\t\t<\/div>\n\t\t\t\t<div class=\"eltdf-show-info\">\n            <div class=\"eltdf-show-info-wrapper\">\n                                    <div class=\"eltdf-show-categories-holder\">\n                                                    <a itemprop=\"url\" class=\"eltdf-show-categories\" href=\"https:\/\/stage.museedeshospitalieres.qc.ca\/en\/shows-category\/tours\/\">Tours<\/a>\n                                            <\/div>\n                                                <div class=\"eltdf-show-title-holder\">\n                    <h5 itemprop=\"name\" class=\"eltdf-show-name entry-title\">\n                        <a itemprop=\"url\" href=\"https:\/\/stage.museedeshospitalieres.qc.ca\/en\/activites\/enter-in-the-hospitallers-crypt\/\">Enter in the Hospitallers\u2019 crypt<\/a>\n                    <\/h5>\n                <\/div>\n            <\/div>\n                            <div class=\"eltdf-show-excerpt-holder\">\n                    <span>[vc_row row_content_width=&#8221;grid&#8221;][vc_column width=&#8221;1\/4&#8243;][vc_empty_space height=&#8221;80px&#8221;][\/vc_column][vc_column width=&#8221;1\/4&#8243;][vc_empty_space height=&#8221;80px&#8221;][\/vc_column][vc_column width=&#8221;1\/4&#8243;][vc_empty_space height=&#8221;80px&#8221;][\/vc_column][vc_column width=&#8221;1\/4&#8243;][vc_empty_space height=&#8221;80px&#8221;][\/vc_column][\/vc_row]<\/span>\n                <\/div>\n                        <div class=\"eltdf-event-post-read-more-button\">\n                <a itemprop=\"url\" href=\"https:\/\/stage.museedeshospitalieres.qc.ca\/en\/activites\/enter-in-the-hospitallers-crypt\/\" target=\"_self\"  class=\"eltdf-btn eltdf-btn-medium eltdf-btn-simple eltdf-blog-list-button\"  >    <span class=\"eltdf-btn-text\">View more<\/span>    <\/a>            <\/div>\n\t\t<\/div>\n\t<\/div>\n<\/div>\n<div class=\"eltdf-show eltdf-item-space  show-item has-post-thumbnail hentry show-category-exhibition info-bellow post-4229 type-show-item status-publish has-post-thumbnail hentry show-category-tours info-bellow\">\n\t<div class=\"eltdf-show-inner\">\n\t\t\t\t\t<div class=\"eltdf-show-image\">\n\t\t\t\t<a itemprop=\"url\" href=\"https:\/\/stage.museedeshospitalieres.qc.ca\/en\/activites\/the-monastery-garden\/\" target=\"_self\">\n\t\t\t\t\t<img loading=\"lazy\" decoding=\"async\" width=\"800\" height=\"800\" src=\"https:\/\/stage.museedeshospitalieres.qc.ca\/wp-content\/uploads\/2019\/09\/Musee-des-Hospitalieres-Circuirt-Jardin.png\" class=\"attachment-full size-full\" alt=\"\" srcset=\"https:\/\/stage.museedeshospitalieres.qc.ca\/wp-content\/uploads\/2019\/09\/Musee-des-Hospitalieres-Circuirt-Jardin.png 800w, https:\/\/stage.museedeshospitalieres.qc.ca\/wp-content\/uploads\/2019\/09\/Musee-des-Hospitalieres-Circuirt-Jardin-300x300.png 300w, https:\/\/stage.museedeshospitalieres.qc.ca\/wp-content\/uploads\/2019\/09\/Musee-des-Hospitalieres-Circuirt-Jardin-150x150.png 150w, https:\/\/stage.museedeshospitalieres.qc.ca\/wp-content\/uploads\/2019\/09\/Musee-des-Hospitalieres-Circuirt-Jardin-768x768.png 768w, https:\/\/stage.museedeshospitalieres.qc.ca\/wp-content\/uploads\/2019\/09\/Musee-des-Hospitalieres-Circuirt-Jardin-650x650.png 650w\" sizes=\"auto, (max-width: 800px) 100vw, 800px\" \/>\t\t\t\t<\/a>\n\t\t\t<\/div>\n\t\t\t\t<div class=\"eltdf-show-info\">\n            <div class=\"eltdf-show-info-wrapper\">\n                                    <div class=\"eltdf-show-categories-holder\">\n                                                    <a itemprop=\"url\" class=\"eltdf-show-categories\" href=\"https:\/\/stage.museedeshospitalieres.qc.ca\/en\/shows-category\/tours\/\">Tours<\/a>\n                                            <\/div>\n                                                <div class=\"eltdf-show-title-holder\">\n                    <h5 itemprop=\"name\" class=\"eltdf-show-name entry-title\">\n                        <a itemprop=\"url\" href=\"https:\/\/stage.museedeshospitalieres.qc.ca\/en\/activites\/the-monastery-garden\/\">The Monastery Garden<\/a>\n                    <\/h5>\n                <\/div>\n            <\/div>\n                            <div class=\"eltdf-show-excerpt-holder\">\n                    <span>[vc_row row_content_width=&#8221;grid&#8221;][vc_column width=&#8221;1\/4&#8243;][vc_empty_space height=&#8221;80px&#8221;][\/vc_column][vc_column width=&#8221;1\/4&#8243;][vc_empty_space height=&#8221;80px&#8221;][\/vc_column][vc_column width=&#8221;1\/4&#8243;][vc_empty_space height=&#8221;80px&#8221;][\/vc_column][vc_column width=&#8221;1\/4&#8243;][vc_empty_space height=&#8221;80px&#8221;][\/vc_column][\/vc_row]<\/span>\n                <\/div>\n                        <div class=\"eltdf-event-post-read-more-button\">\n                <a itemprop=\"url\" href=\"https:\/\/stage.museedeshospitalieres.qc.ca\/en\/activites\/the-monastery-garden\/\" target=\"_self\"  class=\"eltdf-btn eltdf-btn-medium eltdf-btn-simple eltdf-blog-list-button\"  >    <span class=\"eltdf-btn-text\">View more<\/span>    <\/a>            <\/div>\n\t\t<\/div>\n\t<\/div>\n<\/div>\n<div class=\"eltdf-show eltdf-item-space  show-item has-post-thumbnail hentry show-category-exhibition info-bellow post-4232 type-show-item status-publish has-post-thumbnail hentry show-category-tours info-bellow\">\n\t<div class=\"eltdf-show-inner\">\n\t\t\t\t\t<div class=\"eltdf-show-image\">\n\t\t\t\t<a itemprop=\"url\" href=\"https:\/\/stage.museedeshospitalieres.qc.ca\/en\/activites\/the-hotel-dieu-of-montreal-origins\/\" target=\"_self\">\n\t\t\t\t\t<img loading=\"lazy\" decoding=\"async\" width=\"800\" height=\"800\" src=\"https:\/\/stage.museedeshospitalieres.qc.ca\/wp-content\/uploads\/2019\/09\/Musee-des-Hospitalieres-CircuitVieuxMTL.png\" class=\"attachment-full size-full\" alt=\"\" srcset=\"https:\/\/stage.museedeshospitalieres.qc.ca\/wp-content\/uploads\/2019\/09\/Musee-des-Hospitalieres-CircuitVieuxMTL.png 800w, https:\/\/stage.museedeshospitalieres.qc.ca\/wp-content\/uploads\/2019\/09\/Musee-des-Hospitalieres-CircuitVieuxMTL-300x300.png 300w, https:\/\/stage.museedeshospitalieres.qc.ca\/wp-content\/uploads\/2019\/09\/Musee-des-Hospitalieres-CircuitVieuxMTL-150x150.png 150w, https:\/\/stage.museedeshospitalieres.qc.ca\/wp-content\/uploads\/2019\/09\/Musee-des-Hospitalieres-CircuitVieuxMTL-768x768.png 768w, https:\/\/stage.museedeshospitalieres.qc.ca\/wp-content\/uploads\/2019\/09\/Musee-des-Hospitalieres-CircuitVieuxMTL-650x650.png 650w\" sizes=\"auto, (max-width: 800px) 100vw, 800px\" \/>\t\t\t\t<\/a>\n\t\t\t<\/div>\n\t\t\t\t<div class=\"eltdf-show-info\">\n            <div class=\"eltdf-show-info-wrapper\">\n                                    <div class=\"eltdf-show-categories-holder\">\n                                                    <a itemprop=\"url\" class=\"eltdf-show-categories\" href=\"https:\/\/stage.museedeshospitalieres.qc.ca\/en\/shows-category\/tours\/\">Tours<\/a>\n                                            <\/div>\n                                                <div class=\"eltdf-show-title-holder\">\n                    <h5 itemprop=\"name\" class=\"eltdf-show-name entry-title\">\n                        <a itemprop=\"url\" href=\"https:\/\/stage.museedeshospitalieres.qc.ca\/en\/activites\/the-hotel-dieu-of-montreal-origins\/\">The H\u00f4tel-Dieu of Montreal: Origins<\/a>\n                    <\/h5>\n                <\/div>\n            <\/div>\n                            <div class=\"eltdf-show-excerpt-holder\">\n                    <span>[vc_row row_content_width=&#8221;grid&#8221;][vc_column width=&#8221;1\/4&#8243;][vc_empty_space height=&#8221;80px&#8221;][\/vc_column][vc_column width=&#8221;1\/4&#8243;][vc_empty_space height=&#8221;80px&#8221;][\/vc_column][vc_column width=&#8221;1\/4&#8243;][vc_empty_space height=&#8221;80px&#8221;][\/vc_column][vc_column width=&#8221;1\/4&#8243;][vc_empty_space height=&#8221;80px&#8221;][\/vc_column][\/vc_row]<\/span>\n                <\/div>\n                        <div class=\"eltdf-event-post-read-more-button\">\n                <a itemprop=\"url\" href=\"https:\/\/stage.museedeshospitalieres.qc.ca\/en\/activites\/the-hotel-dieu-of-montreal-origins\/\" target=\"_self\"  class=\"eltdf-btn eltdf-btn-medium eltdf-btn-simple eltdf-blog-list-button\"  >    <span class=\"eltdf-btn-text\">View more<\/span>    <\/a>            <\/div>\n\t\t<\/div>\n\t<\/div>\n<\/div>\n<div class=\"eltdf-show eltdf-item-space  show-item has-post-thumbnail hentry show-category-exhibition info-bellow post-4235 type-show-item status-publish has-post-thumbnail hentry show-category-tours info-bellow\">\n\t<div class=\"eltdf-show-inner\">\n\t\t\t\t\t<div class=\"eltdf-show-image\">\n\t\t\t\t<a itemprop=\"url\" href=\"https:\/\/stage.museedeshospitalieres.qc.ca\/en\/activites\/discover-a-religious-heritage\/\" target=\"_self\">\n\t\t\t\t\t<img loading=\"lazy\" decoding=\"async\" width=\"800\" height=\"800\" src=\"https:\/\/stage.museedeshospitalieres.qc.ca\/wp-content\/uploads\/2021\/08\/Circuits-thematiques_patrimoine-religieux_800x800px-1.png\" class=\"attachment-full size-full\" alt=\"\" srcset=\"https:\/\/stage.museedeshospitalieres.qc.ca\/wp-content\/uploads\/2021\/08\/Circuits-thematiques_patrimoine-religieux_800x800px-1.png 800w, https:\/\/stage.museedeshospitalieres.qc.ca\/wp-content\/uploads\/2021\/08\/Circuits-thematiques_patrimoine-religieux_800x800px-1-300x300.png 300w, https:\/\/stage.museedeshospitalieres.qc.ca\/wp-content\/uploads\/2021\/08\/Circuits-thematiques_patrimoine-religieux_800x800px-1-150x150.png 150w, https:\/\/stage.museedeshospitalieres.qc.ca\/wp-content\/uploads\/2021\/08\/Circuits-thematiques_patrimoine-religieux_800x800px-1-768x768.png 768w, https:\/\/stage.museedeshospitalieres.qc.ca\/wp-content\/uploads\/2021\/08\/Circuits-thematiques_patrimoine-religieux_800x800px-1-650x650.png 650w\" sizes=\"auto, (max-width: 800px) 100vw, 800px\" \/>\t\t\t\t<\/a>\n\t\t\t<\/div>\n\t\t\t\t<div class=\"eltdf-show-info\">\n            <div class=\"eltdf-show-info-wrapper\">\n                                    <div class=\"eltdf-show-categories-holder\">\n                                                    <a itemprop=\"url\" class=\"eltdf-show-categories\" href=\"https:\/\/stage.museedeshospitalieres.qc.ca\/en\/shows-category\/tours\/\">Tours<\/a>\n                                            <\/div>\n                                                <div class=\"eltdf-show-title-holder\">\n                    <h5 itemprop=\"name\" class=\"eltdf-show-name entry-title\">\n                        <a itemprop=\"url\" href=\"https:\/\/stage.museedeshospitalieres.qc.ca\/en\/activites\/discover-a-religious-heritage\/\">Discover a Religious Heritage<\/a>\n                    <\/h5>\n                <\/div>\n            <\/div>\n                            <div class=\"eltdf-show-excerpt-holder\">\n                    <span>[vc_row row_content_width=&#8221;grid&#8221;][vc_column width=&#8221;1\/4&#8243;][vc_empty_space height=&#8221;80px&#8221;][\/vc_column][vc_column width=&#8221;1\/4&#8243;][vc_empty_space height=&#8221;80px&#8221;][\/vc_column][vc_column width=&#8221;1\/4&#8243;][vc_empty_space height=&#8221;80px&#8221;][\/vc_column][vc_column width=&#8221;1\/4&#8243;][vc_empty_space height=&#8221;80px&#8221;][\/vc_column][\/vc_row]<\/span>\n                <\/div>\n                        <div class=\"eltdf-event-post-read-more-button\">\n                <a itemprop=\"url\" href=\"https:\/\/stage.museedeshospitalieres.qc.ca\/en\/activites\/discover-a-religious-heritage\/\" target=\"_self\"  class=\"eltdf-btn eltdf-btn-medium eltdf-btn-simple eltdf-blog-list-button\"  >    <span class=\"eltdf-btn-text\">View more<\/span>    <\/a>            <\/div>\n\t\t<\/div>\n\t<\/div>\n<\/div>\t<\/div>\n\t<\/div>[\/vc_column][\/vc_row]<\/p>\n<\/section>","protected":false},"excerpt":{"rendered":"<p>[vc_row content_placement=&#8221;middle&#8221; row_content_width=&#8221;grid&#8221; content_text_aligment=&#8221;center&#8221; css=&#8221;.vc_custom_1611642837788{padding-bottom: 51px !important;}&#8221;][vc_column offset=&#8221;vc_col-lg-offset-0 vc_col-lg-12 vc_col-md-offset-0 vc_col-md-12 vc_col-sm-offset-0 vc_col-xs-12&#8243;][\/vc_column][\/vc_row][vc_row row_content_width=&#8221;grid&#8221; css=&#8221;.vc_custom_1569500187539{padding-bottom: 80px !important;}&#8221;][vc_column][\/vc_column][\/vc_row]<\/p>\n","protected":false},"author":2,"featured_media":0,"parent":0,"menu_order":0,"comment_status":"closed","ping_status":"closed","template":"","meta":{"footnotes":""},"class_list":["post-4220","page","type-page","status-publish","hentry"],"_links":{"self":[{"href":"https:\/\/stage.museedeshospitalieres.qc.ca\/en\/wp-json\/wp\/v2\/pages\/4220","targetHints":{"allow":["GET"]}}],"collection":[{"href":"https:\/\/stage.museedeshospitalieres.qc.ca\/en\/wp-json\/wp\/v2\/pages"}],"about":[{"href":"https:\/\/stage.museedeshospitalieres.qc.ca\/en\/wp-json\/wp\/v2\/types\/page"}],"author":[{"embeddable":true,"href":"https:\/\/stage.museedeshospitalieres.qc.ca\/en\/wp-json\/wp\/v2\/users\/2"}],"replies":[{"embeddable":true,"href":"https:\/\/stage.museedeshospitalieres.qc.ca\/en\/wp-json\/wp\/v2\/comments?post=4220"}],"version-history":[{"count":3,"href":"https:\/\/stage.museedeshospitalieres.qc.ca\/en\/wp-json\/wp\/v2\/pages\/4220\/revisions"}],"predecessor-version":[{"id":4261,"href":"https:\/\/stage.museedeshospitalieres.qc.ca\/en\/wp-json\/wp\/v2\/pages\/4220\/revisions\/4261"}],"wp:attachment":[{"href":"https:\/\/stage.museedeshospitalieres.qc.ca\/en\/wp-json\/wp\/v2\/media?parent=4220"}],"curies":[{"name":"wp","href":"https:\/\/api.w.org\/{rel}","templated":true}]}}