{"id":3652,"date":"2021-11-19T13:14:15","date_gmt":"2021-11-19T18:14:15","guid":{"rendered":"https:\/\/stage.museedeshospitalieres.qc.ca\/?page_id=3652"},"modified":"2021-12-02T10:58:13","modified_gmt":"2021-12-02T15:58:13","slug":"history","status":"publish","type":"page","link":"https:\/\/stage.museedeshospitalieres.qc.ca\/en\/history\/","title":{"rendered":"History"},"content":{"rendered":"<section class=\"wpb-content-wrapper\"><p>[vc_row row_content_width=&#8221;grid&#8221; css=&#8221;.vc_custom_1572271648370{padding-top: 147px !important;padding-bottom: 8px !important;}&#8221;][vc_column offset=&#8221;vc_col-lg-offset-1 vc_col-lg-10 vc_hidden-lg vc_col-md-offset-0 vc_col-md-12 vc_hidden-md vc_col-sm-offset-0 vc_hidden-sm vc_col-xs-12 vc_hidden-xs&#8221;]<div class=\"eltdf-section-title-holder   eltdf-st-decorative-line\" style=\"text-align: center\">\n\t<div class=\"eltdf-st-inner\">\n                    <span class=\"eltdf-st-caption\" style=\"color: #c9ab81;margin: 0 0 6px 0\">\n                <span class=\"eltdf-st-caption-inner\" >About our house<\/span>\n            <\/span>\n        \t\t\t\t\t<h2 class=\"eltdf-st-title\" >\n    <span class=\"eltdf-st-title-inner\"><span class=\"eltdf-st-side-line-left\" ><\/span>Timeline<span class=\"eltdf-st-side-line-right\" ><\/span><\/span>\n\t\t\t<\/h2>\n\t\t\t\t\t\t\t<p class=\"eltdf-st-text\" style=\"font-size: 19px;line-height: 28px;margin: 13px 0 0 0\">\n\t\t\t\tLorem ipsum dolor sit amet, consectetur adipisicing elit, sed do ei usmod<br \/>\ntempor incididunt ut labore et dolore\t\t\t<\/p>\n\t\t\t\t\t<\/div>\n<\/div>[\/vc_column][\/vc_row][vc_row content_placement=&#8221;middle&#8221; row_content_width=&#8221;grid&#8221; el_class=&#8221;eltdf-workflow-custom-alignment&#8221;][vc_column]<div class=\"eltdf-elements-holder   eltdf-one-column  eltdf-responsive-mode-768 eltdf-one-column-alignment-center\" ><div class=\"eltdf-eh-item    \"  data-item-class=\"eltdf-eh-custom-6543\" data-1400-1600=\"0 0 160px 0\" data-1025-1399=\"0 0 160px 0\" data-769-1024=\"0 0 60px 0\" data-681-768=\"0 0 60px 0\" data-680=\"0 0 60px 0\">\n\t<div class=\"eltdf-eh-item-inner\">\n\t\t<div class=\"eltdf-eh-item-content eltdf-eh-custom-6543\" style=\"padding: 0 0 160px 0\">\n\t\t\t<div class=\"eltdf-workflow eltdf-workflow-animate\">\n    <span class=\"alt-line\"><\/span>\n    <span class=\"main-line\" style=\"background-color:#4e4e4e;\"><\/span>\n    <div class=\"eltdf-workflow-item\">\n    <span class=\"line\" style=\"\"><\/span>\n    <div class=\"eltdf-workflow-item-inner\">\n        <div class=\"eltdf-workflow-image\">\n            <img loading=\"lazy\" decoding=\"async\" width=\"780\" height=\"1024\" src=\"https:\/\/stage.museedeshospitalieres.qc.ca\/wp-content\/uploads\/2019\/09\/Musee-des-Hospitalieres-Histoire-Construction-Ete-1642.jpg\" class=\"attachment-full size-full\" alt=\"\" srcset=\"https:\/\/stage.museedeshospitalieres.qc.ca\/wp-content\/uploads\/2019\/09\/Musee-des-Hospitalieres-Histoire-Construction-Ete-1642.jpg 780w, https:\/\/stage.museedeshospitalieres.qc.ca\/wp-content\/uploads\/2019\/09\/Musee-des-Hospitalieres-Histoire-Construction-Ete-1642-229x300.jpg 229w, https:\/\/stage.museedeshospitalieres.qc.ca\/wp-content\/uploads\/2019\/09\/Musee-des-Hospitalieres-Histoire-Construction-Ete-1642-768x1008.jpg 768w, https:\/\/stage.museedeshospitalieres.qc.ca\/wp-content\/uploads\/2019\/09\/Musee-des-Hospitalieres-Histoire-Construction-Ete-1642-600x788.jpg 600w\" sizes=\"auto, (max-width: 780px) 100vw, 780px\" \/>        <\/div>\n        <div class=\"eltdf-workflow-text\">\n            <span class=\"circle\" style=\"border-color:#4e4e4e;background-color:#4e4e4e;\"><\/span>\n            <span class=\"circle-line\" style=\"background-color:#4e4e4e;\"><\/span>\n                            <div class=\"year\">1642-1645<\/div>\n                        <div class=\"eltdf-workflow-title-text-holder\">\n                                    <div class=\"year-responsive\">1642-1645<\/div>\n                                                    <span class=\"eltdf-workflow-caption\">The Founding of Ville-Marie<\/span>\n                                                    <h2>THE FOUNDING OF THE H\u00d4TEL-DIEU<\/h2>\n                                                    <span class=\"text\">Originally located on Saint-Paul Street at the corner of Saint-Sulpice Street, in Old Montreal, the H\u00f4tel-Dieu hospital was founded by Jeanne Mance, who was also the co-founder \u2013 with Paul de Chomedey de Maisonneuve \u2013 of Montreal. First, Jeanne Mance had a dispensary built inside the palisade that the settlers had erected in the summer of 1642. This was followed by the construction of a real hospital outside Fort Ville-Marie. In 1645, because of the spring flooding, the hospital was moved to the other side of the Petite Rivi\u00e8re, on what would later become Saint-Paul Street.<br \/>\nMontreal, summer 1642 (Francis Back, Canada, 1991, Mus\u00e9e des Hospitali\u00e8res de l\u2019H\u00f4tel-Dieu de Montr\u00e9al \u00a9 Rapha\u00eblle and F\u00e9lix Back)<\/span>\n                            <\/div>\n        <\/div>\n    <\/div>\n<\/div><div class=\"eltdf-workflow-item\">\n    <span class=\"line\" style=\"\"><\/span>\n    <div class=\"eltdf-workflow-item-inner\">\n        <div class=\"eltdf-workflow-image\">\n            <img loading=\"lazy\" decoding=\"async\" width=\"780\" height=\"1024\" src=\"https:\/\/stage.museedeshospitalieres.qc.ca\/wp-content\/uploads\/2019\/09\/Musee-des-Hospitalieres-Histoire-Premier-Hopital.jpg\" class=\"attachment-full size-full\" alt=\"\" srcset=\"https:\/\/stage.museedeshospitalieres.qc.ca\/wp-content\/uploads\/2019\/09\/Musee-des-Hospitalieres-Histoire-Premier-Hopital.jpg 780w, https:\/\/stage.museedeshospitalieres.qc.ca\/wp-content\/uploads\/2019\/09\/Musee-des-Hospitalieres-Histoire-Premier-Hopital-229x300.jpg 229w, https:\/\/stage.museedeshospitalieres.qc.ca\/wp-content\/uploads\/2019\/09\/Musee-des-Hospitalieres-Histoire-Premier-Hopital-768x1008.jpg 768w, https:\/\/stage.museedeshospitalieres.qc.ca\/wp-content\/uploads\/2019\/09\/Musee-des-Hospitalieres-Histoire-Premier-Hopital-600x788.jpg 600w\" sizes=\"auto, (max-width: 780px) 100vw, 780px\" \/>        <\/div>\n        <div class=\"eltdf-workflow-text\">\n            <span class=\"circle\" style=\"border-color:#4e4e4e;background-color:#4e4e4e;\"><\/span>\n            <span class=\"circle-line\" style=\"background-color:#4e4e4e;\"><\/span>\n                            <div class=\"year\">1659<\/div>\n                        <div class=\"eltdf-workflow-title-text-holder\">\n                                    <div class=\"year-responsive\">1659<\/div>\n                                                    <span class=\"eltdf-workflow-caption\">A Nursing Community<\/span>\n                                                    <h2>THE ARRIVAL OF THE HOSPITALLERS<\/h2>\n                                                    <span class=\"text\">To start with, Jeanne Mance ran the H\u00f4tel-Dieu on her own, aided by a few assistants and a surgeon. Then, in 1659, three Hospitallers of Saint-Joseph from La Fl\u00e8che, in France, came to help her manage the hospital and care for its patients. This community would administer the hospital from 1677 to 1973.<br \/>\nPartial plan of the H\u00f4tel-Dieu in 1645-1695 (Aristide Beaugrand-Champagne, Canada, 1942, RHSJM Archives)<\/span>\n                            <\/div>\n        <\/div>\n    <\/div>\n<\/div><div class=\"eltdf-workflow-item\">\n    <span class=\"line\" style=\"\"><\/span>\n    <div class=\"eltdf-workflow-item-inner\">\n        <div class=\"eltdf-workflow-image\">\n            <img loading=\"lazy\" decoding=\"async\" width=\"780\" height=\"1024\" src=\"https:\/\/stage.museedeshospitalieres.qc.ca\/wp-content\/uploads\/2020\/12\/Musee-des-Hospitalieres-Histoire-Saint-Patrice.jpg\" class=\"attachment-full size-full\" alt=\"\" srcset=\"https:\/\/stage.museedeshospitalieres.qc.ca\/wp-content\/uploads\/2020\/12\/Musee-des-Hospitalieres-Histoire-Saint-Patrice.jpg 780w, https:\/\/stage.museedeshospitalieres.qc.ca\/wp-content\/uploads\/2020\/12\/Musee-des-Hospitalieres-Histoire-Saint-Patrice-229x300.jpg 229w, https:\/\/stage.museedeshospitalieres.qc.ca\/wp-content\/uploads\/2020\/12\/Musee-des-Hospitalieres-Histoire-Saint-Patrice-768x1008.jpg 768w, https:\/\/stage.museedeshospitalieres.qc.ca\/wp-content\/uploads\/2020\/12\/Musee-des-Hospitalieres-Histoire-Saint-Patrice-600x788.jpg 600w\" sizes=\"auto, (max-width: 780px) 100vw, 780px\" \/>        <\/div>\n        <div class=\"eltdf-workflow-text\">\n            <span class=\"circle\" style=\"border-color:#4e4e4e;background-color:#4e4e4e;\"><\/span>\n            <span class=\"circle-line\" style=\"background-color:#4e4e4e;\"><\/span>\n                            <div class=\"year\">1861<\/div>\n                        <div class=\"eltdf-workflow-title-text-holder\">\n                                    <div class=\"year-responsive\">1861<\/div>\n                                                    <span class=\"eltdf-workflow-caption\">A New H\u00f4tel-Dieu<\/span>\n                                                    <h2>THE MOVE<\/h2>\n                                                    <span class=\"text\">In 1861 the Hospitallers moved the H\u00f4tel-Dieu to an area known as the Terre de la Providence. This extensive strip of land, donated to the community by the Basset brothers in 1730, stretched at that time from Sherbrooke Street to Jean-Talon Street. The new convent complex, designed by the Montreal architect Victor Bourgeau, was built on Des Pins Avenue. The neighbourhood, still under construction, would develop around the Hospitallers\u2019 building.<br \/>\nSaint-Patrice Ward (before 1909, RHSJM Archives)<\/span>\n                            <\/div>\n        <\/div>\n    <\/div>\n<\/div><div class=\"eltdf-workflow-item\">\n    <span class=\"line\" style=\"\"><\/span>\n    <div class=\"eltdf-workflow-item-inner\">\n        <div class=\"eltdf-workflow-image\">\n            <img loading=\"lazy\" decoding=\"async\" width=\"780\" height=\"1024\" src=\"https:\/\/stage.museedeshospitalieres.qc.ca\/wp-content\/uploads\/2021\/03\/Musee-des-Hospitalieres-Histoire-CHUM.jpg\" class=\"attachment-full size-full\" alt=\"\" srcset=\"https:\/\/stage.museedeshospitalieres.qc.ca\/wp-content\/uploads\/2021\/03\/Musee-des-Hospitalieres-Histoire-CHUM.jpg 780w, https:\/\/stage.museedeshospitalieres.qc.ca\/wp-content\/uploads\/2021\/03\/Musee-des-Hospitalieres-Histoire-CHUM-229x300.jpg 229w, https:\/\/stage.museedeshospitalieres.qc.ca\/wp-content\/uploads\/2021\/03\/Musee-des-Hospitalieres-Histoire-CHUM-768x1008.jpg 768w\" sizes=\"auto, (max-width: 780px) 100vw, 780px\" \/>        <\/div>\n        <div class=\"eltdf-workflow-text\">\n            <span class=\"circle\" style=\"border-color:#4e4e4e;background-color:#4e4e4e;\"><\/span>\n            <span class=\"circle-line\" style=\"background-color:#4e4e4e;\"><\/span>\n                            <div class=\"year\">1996<\/div>\n                        <div class=\"eltdf-workflow-title-text-holder\">\n                                    <div class=\"year-responsive\">1996<\/div>\n                                                    <span class=\"eltdf-workflow-caption\">The Fusion of Three Major Francophone Hospitals<\/span>\n                                                    <h2>THE CREATION OF THE CHUM<\/h2>\n                                                    <span class=\"text\">The Centre hospitalier de l\u2019Universit\u00e9 de Montr\u00e9al (CHUM), founded in 1996, is the product of the fusion of the H\u00f4tel-Dieu, Notre-Dame hospital and Saint-Luc hospital. In 2017 the CHUM\u2019s new premises, uniting the three hospitals, opened in downtown Montreal. That same year, all the H\u00f4tel-Dieu\u2019s patients were transferred to the new mega-hospital.<br \/>\nH\u00f4tel-Dieu patients being transferred to the CHUM (2017, Centre hospitalier de l'Universit\u00e9 de Montr\u00e9al)<\/span>\n                            <\/div>\n        <\/div>\n    <\/div>\n<\/div><div class=\"eltdf-workflow-item\">\n    <span class=\"line\" style=\"\"><\/span>\n    <div class=\"eltdf-workflow-item-inner\">\n        <div class=\"eltdf-workflow-image\">\n            <img loading=\"lazy\" decoding=\"async\" width=\"780\" height=\"1024\" src=\"https:\/\/stage.museedeshospitalieres.qc.ca\/wp-content\/uploads\/2021\/03\/Musee-des-Hospitalieres-Histoire-Maison-Hospitalieres.jpg\" class=\"attachment-full size-full\" alt=\"\" srcset=\"https:\/\/stage.museedeshospitalieres.qc.ca\/wp-content\/uploads\/2021\/03\/Musee-des-Hospitalieres-Histoire-Maison-Hospitalieres.jpg 780w, https:\/\/stage.museedeshospitalieres.qc.ca\/wp-content\/uploads\/2021\/03\/Musee-des-Hospitalieres-Histoire-Maison-Hospitalieres-229x300.jpg 229w, https:\/\/stage.museedeshospitalieres.qc.ca\/wp-content\/uploads\/2021\/03\/Musee-des-Hospitalieres-Histoire-Maison-Hospitalieres-768x1008.jpg 768w\" sizes=\"auto, (max-width: 780px) 100vw, 780px\" \/>        <\/div>\n        <div class=\"eltdf-workflow-text\">\n            <span class=\"circle\" style=\"border-color:#4e4e4e;background-color:#4e4e4e;\"><\/span>\n            <span class=\"circle-line\" style=\"background-color:#4e4e4e;\"><\/span>\n                            <div class=\"year\">2019<\/div>\n                        <div class=\"eltdf-workflow-title-text-holder\">\n                                    <div class=\"year-responsive\">2019<\/div>\n                                                    <span class=\"eltdf-workflow-caption\">The Third Voyage<\/span>\n                                                    <h2>THE HOSPITALLERS MAKE A MOVE<\/h2>\n                                                    <span class=\"text\">After the sale of their monastery to the City of Montreal, the community moved into the wing running along Des Pins Avenue, which was entirely renovated and is now known as the Maison des Hospitali\u00e8res.<br \/>\nMaison des Hospitali\u00e8res (Gilbert Langlois, 2020, Mus\u00e9e des Hospitali\u00e8res de l\u2019H\u00f4tel-Dieu de Montr\u00e9al)<\/span>\n                            <\/div>\n        <\/div>\n    <\/div>\n<\/div><div class=\"eltdf-workflow-item\">\n    <span class=\"line\" style=\"\"><\/span>\n    <div class=\"eltdf-workflow-item-inner\">\n        <div class=\"eltdf-workflow-image\">\n            <img loading=\"lazy\" decoding=\"async\" width=\"780\" height=\"1024\" src=\"https:\/\/stage.museedeshospitalieres.qc.ca\/wp-content\/uploads\/2019\/09\/Musee-des-Hospitalieres-Histoire-1900-Mont-Royal.jpg\" class=\"attachment-full size-full\" alt=\"\" srcset=\"https:\/\/stage.museedeshospitalieres.qc.ca\/wp-content\/uploads\/2019\/09\/Musee-des-Hospitalieres-Histoire-1900-Mont-Royal.jpg 780w, https:\/\/stage.museedeshospitalieres.qc.ca\/wp-content\/uploads\/2019\/09\/Musee-des-Hospitalieres-Histoire-1900-Mont-Royal-229x300.jpg 229w, https:\/\/stage.museedeshospitalieres.qc.ca\/wp-content\/uploads\/2019\/09\/Musee-des-Hospitalieres-Histoire-1900-Mont-Royal-768x1008.jpg 768w, https:\/\/stage.museedeshospitalieres.qc.ca\/wp-content\/uploads\/2019\/09\/Musee-des-Hospitalieres-Histoire-1900-Mont-Royal-600x788.jpg 600w\" sizes=\"auto, (max-width: 780px) 100vw, 780px\" \/>        <\/div>\n        <div class=\"eltdf-workflow-text\">\n            <span class=\"circle\" style=\"border-color:#4e4e4e;background-color:#4e4e4e;\"><\/span>\n            <span class=\"circle-line\" style=\"background-color:#4e4e4e;\"><\/span>\n                            <div class=\"year\">Today<\/div>\n                        <div class=\"eltdf-workflow-title-text-holder\">\n                                    <div class=\"year-responsive\">Today<\/div>\n                                                    <span class=\"eltdf-workflow-caption\">A Historic Site<\/span>\n                                                    <h2>AT THE HEART OF THE CITY<\/h2>\n                                                    <span class=\"text\">Composed of a monastery, a hospital, a garden, a crypt and three chapels, the Hospitallers\u2019 convent complex remains a focal point of the Plateau-Mont-Royal borough and the protected area of Mount Royal.<br \/>\nView from Mount Royal (about 1900, RHSJM Archives)<\/span>\n                            <\/div>\n        <\/div>\n    <\/div>\n<\/div>    <div class=\"eltdf-workflow-item eltdf-wi-hidden\">\n        <div class=\"eltdf-workflow-item-inner\">\n            <div class=\"eltdf-workflow-text\">\n                <span class=\"circle\"><\/span>\n            <\/div>\n        <\/div>\n    <\/div>\n<\/div>\t\t<\/div>\n\t<\/div>\n<\/div><\/div>[\/vc_column][\/vc_row]<\/p>\n<\/section>","protected":false},"excerpt":{"rendered":"<p>[vc_row row_content_width=&#8221;grid&#8221; css=&#8221;.vc_custom_1572271648370{padding-top: 147px !important;padding-bottom: 8px !important;}&#8221;][vc_column offset=&#8221;vc_col-lg-offset-1 vc_col-lg-10 vc_hidden-lg vc_col-md-offset-0 vc_col-md-12 vc_hidden-md vc_col-sm-offset-0 vc_hidden-sm vc_col-xs-12 vc_hidden-xs&#8221;][\/vc_column][\/vc_row][vc_row content_placement=&#8221;middle&#8221; row_content_width=&#8221;grid&#8221; el_class=&#8221;eltdf-workflow-custom-alignment&#8221;][vc_column][\/vc_column][\/vc_row]<\/p>\n","protected":false},"author":2,"featured_media":0,"parent":0,"menu_order":0,"comment_status":"closed","ping_status":"closed","template":"full-width.php","meta":{"footnotes":""},"class_list":["post-3652","page","type-page","status-publish","hentry"],"_links":{"self":[{"href":"https:\/\/stage.museedeshospitalieres.qc.ca\/en\/wp-json\/wp\/v2\/pages\/3652","targetHints":{"allow":["GET"]}}],"collection":[{"href":"https:\/\/stage.museedeshospitalieres.qc.ca\/en\/wp-json\/wp\/v2\/pages"}],"about":[{"href":"https:\/\/stage.museedeshospitalieres.qc.ca\/en\/wp-json\/wp\/v2\/types\/page"}],"author":[{"embeddable":true,"href":"https:\/\/stage.museedeshospitalieres.qc.ca\/en\/wp-json\/wp\/v2\/users\/2"}],"replies":[{"embeddable":true,"href":"https:\/\/stage.museedeshospitalieres.qc.ca\/en\/wp-json\/wp\/v2\/comments?post=3652"}],"version-history":[{"count":5,"href":"https:\/\/stage.museedeshospitalieres.qc.ca\/en\/wp-json\/wp\/v2\/pages\/3652\/revisions"}],"predecessor-version":[{"id":3718,"href":"https:\/\/stage.museedeshospitalieres.qc.ca\/en\/wp-json\/wp\/v2\/pages\/3652\/revisions\/3718"}],"wp:attachment":[{"href":"https:\/\/stage.museedeshospitalieres.qc.ca\/en\/wp-json\/wp\/v2\/media?parent=3652"}],"curies":[{"name":"wp","href":"https:\/\/api.w.org\/{rel}","templated":true}]}}